
{"id":93,"date":"2017-03-03T21:20:14","date_gmt":"2017-03-03T21:20:14","guid":{"rendered":"http:\/\/sw-themes.com\/porto_dummy\/?page_id=93"},"modified":"2020-08-26T13:51:40","modified_gmt":"2020-08-26T13:51:40","slug":"preguntas-frecuentes","status":"publish","type":"page","link":"https:\/\/cargozoneusa.com\/site\/preguntas-frecuentes\/","title":{"rendered":"Preguntas Frecuentes"},"content":{"rendered":"<div class=\"wpb-content-wrapper\"><p>[vc_row][vc_column css=&#8221;.vc_custom_1520440520339{padding-right: 0px !important;padding-left: 0px !important;}&#8221;][vc_single_image source=&#8221;external_link&#8221; custom_src=&#8221;https:\/\/cargozoneusa.com\/site\/wp-content\/uploads\/2017\/10\/BANNER-LANDING-4.jpg&#8221;][\/vc_column][\/vc_row][vc_row][vc_column][vc_column_text]<\/p>\n<div class=\"container\">\n<h1 style=\"text-align: justify; color: #144992; font-size: 43px; font-weight: bold;\">\u00bfPuedo enviar lo que quiera a trav\u00e9s de Cargo Zone?<\/h1>\n<p style=\"color: #000; font-size: larger; text-align: justify;\">No, existen resticciones propias de las aerolineas y gubernamentales, por favor referirse a las Condiciones de Servicio.<\/p>\n<h1 style=\"text-align: justify; color: #144992; font-size: 43px; font-weight: bold;\">\u00bfQue cubre la tarifa de env\u00edo?<\/h1>\n<p style=\"color: #000; font-size: larger; text-align: justify;\">La tarifa cubre \u00fanicamente Miami &gt; Bogot\u00e1, para despachos a nivel nacional en Colombia, se debe pagar contra entrega al transportador Nacional.<\/p>\n<h1 style=\"text-align: justify; color: #144992; font-size: 43px; font-weight: bold;\">\u00bfQue formas de pago son aceptadas?<\/h1>\n<p style=\"color: #000; font-size: larger; text-align: justify;\">Puede pagar en efectivo Pesos Colombianos \u00f3 Dolares m\u00e1s el Siete (07) por ciento de comisi\u00f3n directamente en nuestras oficinas. Tambien podr\u00e1 pagar desde su cuenta de ahorros \/ corriente accediendo desde nuestra pagina (Esquina superior derecha).<\/p>\n<h1 style=\"text-align: justify; color: #144992; font-size: 43px; font-weight: bold;\">\u00bfCu\u00e1nto se demora mi env\u00edo?<\/h1>\n<p style=\"color: #000; font-size: larger; text-align: justify;\">Una vez su paquete llegue a nuestra bodega, a Bogota se demora entre 24 y 48 horas. Y al resto del pa\u00eds entre tres y cuatro d\u00edas.<\/p>\n<h1 style=\"text-align: justify; color: #144992; font-size: 43px; font-weight: bold;\">\u00bfQu\u00e9 usos le puedo dar al casillero?<\/h1>\n<p style=\"color: #000; font-size: larger; text-align: justify;\">El Casillero creado no solo sirve para compras, por ejemplo; si algun familiar o amigo desea enviarle una caja con ropa u otro tipo de items puede hacerlo, lo que no se puede enviar esta descrito en las Condiciones de Servicio.<\/p>\n<h1 style=\"text-align: justify; color: #144992; font-size: 43px; font-weight: bold;\">\u00bfPor qu\u00e9 aparece un valor diferente en la gu\u00eda del \u00edtem comprado?<\/h1>\n<p style=\"color: #000; font-size: larger; text-align: justify;\">El valor que aparece en la gu\u00eda es tomado de la factura (invoice) que debe venir junto con el producto. Muy frecuentemente cuando los transportadores entregan los paquetes a Cargo Zone, no viene esta factura, por tal motivo, nuestro personal debe estimar el valor de lo que el paquete contiene para poder plasmar un monto en la gu\u00eda.<\/p>\n<h1 style=\"text-align: justify; color: #144992; font-size: 43px; font-weight: bold;\">\u00bfPor qu\u00e9 se me cobr\u00f3 m\u00e1s al momento de recibir mi paquete?<\/h1>\n<p style=\"color: #000; font-size: larger; text-align: justify;\">La DIAN al momento de perfilar nuestra carga, puede definir unilateralmente que articulo tiene un valor superior al declarado en la gu\u00eda. En este proceso Cargo Zone no tiene autoridad y debe tramitar este sobrecosto con el cliente.<\/p>\n<h1 style=\"text-align: justify; color: #144992; font-size: 43px; font-weight: bold;\">\u00bfCargo Zone consolida mis paquetes para generar un solo env\u00edo?<\/h1>\n<p style=\"color: #000; font-size: larger; text-align: justify;\">S\u00ed. Cargo Zone le consolida sus paquetes. Debe seguir las siguientes instruciones: <a href=\"https:\/\/cargozoneusa.com\/site\/ingreso-casilleros\/#como-consolidar\">Como crear consolidaci\u00f3nes.<\/a> Por favor ver <a href=\"https:\/\/cargozoneusa.com\/site\/condiciones-de-servicio\/\">reglas y condiciones.<\/a><\/p>\n<h1 style=\"text-align: justify; color: #144992; font-size: 43px; font-weight: bold;\">\u00bfCu\u00e1nto es la carga m\u00ednima que se cobra?<\/h1>\n<p style=\"color: #000; font-size: larger; text-align: justify;\">Seis (06) libras.<\/p>\n<h1 style=\"text-align: justify; color: #144992; font-size: 43px; font-weight: bold;\">\u00bfExiste un seguro para mis paquetes?<\/h1>\n<p style=\"color: #000; font-size: larger; text-align: justify;\">Si, es obligatorio, y su valor corresponde al cinco (05) por ciento del valor declarado de la mercancia (Siendo el m\u00ednimo valor a asegurar 100 USD y el valor m\u00e1ximo a asegurar 1.000 USD). Usted deber\u00e1 activarlo desde su perfil (Ver Instructivo) solicitarlo telef\u00f3nicamente o via correo electr\u00f3nico (si desea asegurar un mayor valor) antes de que su paquete sea despachado informando el valor real de la mercancia y caracter\u00edsticas b\u00e1sicas de esta. El Seguro cubre unicamente perdida total, no tiene cobertura para da\u00f1os fisicos ni parciales.<\/p>\n<h1 style=\"text-align: justify; color: #144992; font-size: 43px; font-weight: bold;\">\u00bfDebo crear un casillero para cada env\u00edo?<\/h1>\n<p style=\"color: #000; font-size: larger; text-align: justify;\">No, el casillero creado es permanente y le servir\u00e1 de manera indefinida para todas las compras y envios que desee hacer.<\/p>\n<h1 style=\"text-align: justify; color: #144992; font-size: 43px; font-weight: bold;\">\u00bfExiste un n\u00famero gratuito nacional para comunicarme con Cargo Zone?<\/h1>\n<p style=\"color: #000; font-size: larger; text-align: justify;\">Si, 018000-1870-90 (Solo para Colombia).<\/p>\n<p><a href=\"http:\/\/cargozoneusa.com\/docs\/Contrato_Prestacion_Servicios_Postales_Cargo_Zone.pdf\" target=\"_blank\" rel=\"noopener noreferrer\"><br \/>\n<img loading=\"lazy\" decoding=\"async\" class=\"alignnone size-full wp-image-1038\" src=\"\/site\/wp-content\/uploads\/2017\/10\/banner-landing.jpg\" alt=\"\" width=\"1170\" height=\"400\" srcset=\"https:\/\/cargozoneusa.com\/site\/wp-content\/uploads\/2017\/10\/banner-landing.jpg 1170w, https:\/\/cargozoneusa.com\/site\/wp-content\/uploads\/2017\/10\/banner-landing-300x103.jpg 300w, https:\/\/cargozoneusa.com\/site\/wp-content\/uploads\/2017\/10\/banner-landing-768x263.jpg 768w, https:\/\/cargozoneusa.com\/site\/wp-content\/uploads\/2017\/10\/banner-landing-1024x350.jpg 1024w\" sizes=\"auto, (max-width: 1170px) 100vw, 1170px\" \/><br \/>\n<\/a><\/p>\n<\/div>\n<p>[\/vc_column_text][\/vc_column][\/vc_row]<\/p>\n<\/div>","protected":false},"excerpt":{"rendered":"<p>[vc_row][vc_column css=&#8221;.vc_custom_1520440520339{padding-right: 0px !important;padding-left: 0px !important;}&#8221;][vc_single_image source=&#8221;external_link&#8221; custom_src=&#8221;https:\/\/cargozoneusa.com\/site\/wp-content\/uploads\/2017\/10\/BANNER-LANDING-4.jpg&#8221;][\/vc_column][\/vc_row][vc_row][vc_column][vc_column_text] \u00bfPuedo enviar lo que quiera a trav\u00e9s de Cargo Zone? No, existen resticciones propias de las aerolineas y gubernamentales, por favor referirse a las Condiciones de Servicio. \u00bfQue cubre la tarifa de env\u00edo? La tarifa cubre \u00fanicamente Miami &gt; Bogot\u00e1, para despachos a nivel nacional en Colombia, [&hellip;]<\/p>\n","protected":false},"author":1,"featured_media":0,"parent":0,"menu_order":0,"comment_status":"closed","ping_status":"closed","template":"","meta":{"footnotes":""},"class_list":["post-93","page","type-page","status-publish","hentry"],"_links":{"self":[{"href":"https:\/\/cargozoneusa.com\/site\/wp-json\/wp\/v2\/pages\/93","targetHints":{"allow":["GET"]}}],"collection":[{"href":"https:\/\/cargozoneusa.com\/site\/wp-json\/wp\/v2\/pages"}],"about":[{"href":"https:\/\/cargozoneusa.com\/site\/wp-json\/wp\/v2\/types\/page"}],"author":[{"embeddable":true,"href":"https:\/\/cargozoneusa.com\/site\/wp-json\/wp\/v2\/users\/1"}],"replies":[{"embeddable":true,"href":"https:\/\/cargozoneusa.com\/site\/wp-json\/wp\/v2\/comments?post=93"}],"version-history":[{"count":6,"href":"https:\/\/cargozoneusa.com\/site\/wp-json\/wp\/v2\/pages\/93\/revisions"}],"predecessor-version":[{"id":2706,"href":"https:\/\/cargozoneusa.com\/site\/wp-json\/wp\/v2\/pages\/93\/revisions\/2706"}],"wp:attachment":[{"href":"https:\/\/cargozoneusa.com\/site\/wp-json\/wp\/v2\/media?parent=93"}],"curies":[{"name":"wp","href":"https:\/\/api.w.org\/{rel}","templated":true}]}}