
{"id":143,"date":"2016-06-20T07:48:11","date_gmt":"2016-06-20T07:48:11","guid":{"rendered":"http:\/\/sw-themes.com\/porto_dummy\/?page_id=143"},"modified":"2023-05-22T13:46:30","modified_gmt":"2023-05-22T17:46:30","slug":"home-2","status":"publish","type":"page","link":"https:\/\/cargozoneusa.com\/site\/","title":{"rendered":"Home"},"content":{"rendered":"<div class=\"wpb-content-wrapper\"><p>[vc_row][vc_column][rev_slider_vc alias=&#8221;mainslider&#8221;][\/vc_column][\/vc_row][vc_row][vc_column][vc_column_text]<\/p>\n<div class=\"vc_row wpb_row vc_row-fluid home-intro\" style=\"background-color: #144992;\">\n<div class=\"porto-wrap-container container\">\n<div class=\"row\">\n<div class=\"vc_column_container vc_col-sm-8\" style=\"display: none;\"><\/div>\n<div class=\"get-started vc_column_container vc_col-sm-12\" style=\"text-align: -webkit-center;\">\n<div class=\"wpb_wrapper vc_column-inner\">\n<div class=\"vc_btn3-container m-b-none vc_btn3-inline\">\n<p style=\"margin-bottom: 0px;\"><a class=\"vc_btn3 vc_btn3-shape-rounded btn btn-lg btn-primary\" style=\"background-color: #144992; border-color: #FFFFFF #ffffff #ffffff;\" title=\"\" href=\"\/site\/rastrear-paquetes\/\">RASTREE SUS PAQUETES!<\/a><\/p>\n<\/div>\n<div class=\"wpb_text_column wpb_content_element m-b-none learn-more\"><\/div>\n<\/div>\n<\/div>\n<\/div>\n<\/div>\n<\/div>\n<div class=\"vc_row wpb_row vc_row-fluid home-intro\" style=\"background-color: #fff;\">\n<div class=\"row\" style=\"margin-left: 29px; margin-right: 15px;\">\n<div class=\"col-xs-6 col-md-3\">\n<p style=\"color: #144992; text-align: -webkit-center;\"><a href=\"\/site\/casilleroint\/\"><strong style=\"font-size: 500%; display: inherit; color: #144992;\">1<\/strong>Cree su casillero internacional gratis con nosotros<\/a><\/p>\n<\/div>\n<div class=\"col-xs-6 col-md-3\">\n<p style=\"color: #144992; text-align: -webkit-center;\"><strong style=\"font-size: 500%; display: inherit; color: #144992;\">2<\/strong>Realize sus compras donde prefiera<\/p>\n<\/div>\n<div class=\"col-xs-6 col-md-3\">\n<p style=\"color: #144992; text-align: -webkit-center;\"><strong style=\"font-size: 500%; display: inherit; color: #144992;\">3<\/strong>\u00a1Hecho! reciba en su casa u oficina sus paquetes<\/p>\n<\/div>\n<div class=\"col-xs-6 col-md-3\">\n<p style=\"color: #144992; text-align: -webkit-center;\"><a href=\"\/site\/ingreso-casilleros\/#como-consolidar\"><strong style=\"font-size: 500%; display: inherit; color: #144992;\">4<\/strong>Reporte sus Consolidaciones<\/a><\/p>\n<\/div>\n<\/div>\n<\/div>\n<div class=\"vc_row wpb_row vc_row-fluid home-intro\" style=\"background-color: #a4a8ad;\">\n<div class=\"row\" style=\"margin-left: 29px; margin-right: 15px;\">\n<div class=\"col-xs-6 col-md-3\">\n<p style=\"color: #144992; text-align: -webkit-center;\">Con este Casillero tendra una direcci\u00f3n fisica en USA para hacer llegar sus paquetes<\/p>\n<\/div>\n<div class=\"col-xs-6 col-md-3\">\n<p style=\"color: #144992; text-align: -webkit-center;\">Amazon, Newegg, Macy\u00b4s etc. y Shipping address coloque la direcci\u00f3n de su casillero<\/p>\n<\/div>\n<div class=\"col-xs-6 col-md-3\">\n<p style=\"color: #144992; text-align: -webkit-center;\">En el proceso de env\u00edo usted puede hacer rastreo y saber donde van sus paquetes<\/p>\n<\/div>\n<div class=\"col-xs-6 col-md-3\">\n<p style=\"color: #144992; text-align: -webkit-center;\">Con nuestro servicio de casillero tiene la posibilidad de consolidar sus paquetes<\/p>\n<\/div>\n<\/div>\n<\/div>\n<div class=\"container\" style=\"margin-top: 25px;\">\n<div class=\"row\">\n<div class=\"col-xs-12 col-md-12\" style=\"text-align: center;\">\n<p><a class=\"vc_btn3 vc_btn3-shape-rounded btn btn-lg btn-primary\" style=\"color: #144992; background-color: #ffffff; border-color: #144992 #144992 #144992; font-size: 25px;\" title=\"\" href=\"http:\/\/cargozoneshop.com\/\">Nuevo Servicio!<\/a><\/p>\n<p style=\"text-align: justify; color: #000;\">Cargozone siempre pensando en el beneficio de sus clientes y en su comunidad, ahora cuenta con el servicio de recogida en Bogot\u00e1 para enviar sus paquetes y documentos a Estados Unidos.<\/p>\n<p style=\"text-align: justify; color: #000;\">Este nuevo servicio lo ofrecemos de lunes a viernes sin costo alguno.<\/p>\n<p style=\"text-align: justify; color: #000;\">Sus sobres estaran en 24 horas y sus paquetes en 48 horas en cualquier parte de sus territorio norteamericano.<\/p>\n<p style=\"text-align: justify; color: #000;\">Para programar la recogida de su env\u00edo por favor comun\u00edquese con nuestra oficina en Bogot\u00e1 al t\u00e9lefono 7437090. Con 24 horas de anterioridad.<\/p>\n<\/div>\n<p><!--\n\n\n<div class=\"col-xs-12 col-md-6\"><a href=\"#\" target=\"_blank\" rel=\"noopener noreferrer\"><img loading=\"lazy\" decoding=\"async\" class=\"alignnone size-full wp-image-940\" src=\"..\/wp-content\/uploads\/2017\/10\/banner-caja-cargozone.jpg\" alt=\"\" width=\"517\" height=\"353\" srcset=\"https:\/\/cargozoneusa.com\/site\/wp-content\/uploads\/2017\/10\/banner-caja-cargozone.jpg 517w, https:\/\/cargozoneusa.com\/site\/wp-content\/uploads\/2017\/10\/banner-caja-cargozone-300x205.jpg 300w\" sizes=\"auto, (max-width: 517px) 100vw, 517px\" \/><\/a><\/div>\n\n\n--><\/p>\n<\/div>\n<\/div>\n<div class=\"container\" style=\"text-align: -webkit-center; margin-top: 20px;\">\n<h1 style=\"color: #144992; font-size: 36px; font-weight: bold;\">\u00bfDUDAS? ESTAMOS PARA AYUDARLE<\/h1>\n<p style=\"color: #a4a8ad; font-size: initial; font-weight: bold; margin-bottom: 20px;\">Visite nuestra secci\u00f3n de <a href=\"\/site\/preguntas-frecuentes\">preguntas frecuentes<\/a>, <a href=\"\/site\/casilleroint\">casillero internacional<\/a> o comuniquese con nosotros <a href=\"\/site\/puntos-de-atencion\/\">aqu\u00ed<\/a><\/p>\n<\/div>\n<div class=\"container\">\n<div class=\"row\">\n<div class=\"col-md-2 bottom-offices\" style=\"text-align: -webkit-center;\">\n<p><img loading=\"lazy\" decoding=\"async\" class=\"alignnone size-full wp-image-943\" src=\"\/site\/wp-content\/uploads\/2017\/03\/custom-icon-6.png\" alt=\"\" width=\"40\" height=\"41\" \/><\/p>\n<p style=\"color: #000; margin-bottom: 0px; line-height: 10px;\">Doral<\/p>\n<p><a href=\"tel:+13055927707\">305.592.7707<\/a><\/p>\n<\/div>\n<div class=\"col-md-2 bottom-offices\" style=\"text-align: -webkit-center;\">\n<p><img loading=\"lazy\" decoding=\"async\" class=\"alignnone size-full wp-image-938\" src=\"\/site\/wp-content\/uploads\/2017\/03\/custom-icon-6.png\" alt=\"\" width=\"40\" height=\"41\" \/><\/p>\n<p style=\"color: #000; margin-bottom: 0px; line-height: 10px;\">Kendall<\/p>\n<p><a href=\"tel:+13054085111\">305.408.5111<\/a><\/p>\n<\/div>\n<div class=\"col-md-2 bottom-offices\" style=\"text-align: -webkit-center;\">\n<p><img loading=\"lazy\" decoding=\"async\" class=\"alignnone size-full wp-image-939\" src=\"\/site\/wp-content\/uploads\/2017\/03\/custom-icon-6.png\" alt=\"\" width=\"40\" height=\"41\" \/><\/p>\n<p style=\"color: #000; margin-bottom: 0px; line-height: 10px;\">Palm Bech<\/p>\n<p><a href=\"tel:+15614339832\">561.433.9832<\/a><\/p>\n<\/div>\n<div class=\"col-md-2 bottom-offices\" style=\"text-align: -webkit-center;\">\n<p><img loading=\"lazy\" decoding=\"async\" class=\"alignnone size-full wp-image-942\" src=\"\/site\/wp-content\/uploads\/2017\/03\/custom-icon-6.png\" alt=\"\" width=\"40\" height=\"41\" \/><\/p>\n<p style=\"color: #000; margin-bottom: 0px; line-height: 10px;\">Coral Springs<\/p>\n<p><a href=\"tel:+19547750234\">954.775.0234<\/a><\/p>\n<\/div>\n<div class=\"col-md-2 bottom-offices\" style=\"text-align: -webkit-center;\">\n<p><img loading=\"lazy\" decoding=\"async\" class=\"alignnone size-full wp-image-941\" src=\"\/site\/wp-content\/uploads\/2017\/03\/custom-icon-6.png\" alt=\"\" width=\"40\" height=\"41\" \/><\/p>\n<p style=\"color: #000; margin-bottom: 0px; line-height: 10px;\">Boca Raton<\/p>\n<p><a href=\"tel:+15617568053\">561.756.8053<\/a><\/p>\n<\/div>\n<div class=\"col-md-2 bottom-offices\" style=\"text-align: -webkit-center;\">\n<p><img loading=\"lazy\" decoding=\"async\" class=\"alignnone size-full wp-image-941\" src=\"\/site\/wp-content\/uploads\/2017\/03\/custom-icon-6.png\" alt=\"\" width=\"40\" height=\"41\" \/><\/p>\n<p style=\"color: #000; margin-bottom: 0px; line-height: 10px;\">South Miami<\/p>\n<p><a href=\"tel:+17867032118\">786.703.2118<\/a><\/p>\n<\/div>\n<div class=\"col-md-2 bottom-offices\" style=\"text-align: -webkit-center;\">\n<p><img loading=\"lazy\" decoding=\"async\" class=\"alignnone size-full wp-image-944\" src=\"\/site\/wp-content\/uploads\/2017\/03\/custom-icon-6.png\" alt=\"\" width=\"40\" height=\"41\" \/><\/p>\n<p style=\"color: #000; margin-bottom: 0px; line-height: 10px;\">Tamarac<\/p>\n<p><a href=\"tel:+19549538843\">954.953.8843<\/a><\/p>\n<\/div>\n<div class=\"col-md-2 bottom-offices\" style=\"text-align: -webkit-center;\">\n<p><img loading=\"lazy\" decoding=\"async\" class=\"alignnone size-full wp-image-944\" src=\"\/site\/wp-content\/uploads\/2017\/03\/custom-icon-6.png\" alt=\"\" width=\"40\" height=\"41\" \/><\/p>\n<p style=\"color: #000; margin-bottom: 0px; line-height: 10px;\">Port St. Lucie<\/p>\n<p><a href=\"tel:+17727774866\">772.777.4866<\/a><\/p>\n<\/div>\n<div class=\"col-md-2 bottom-offices\" style=\"text-align: -webkit-center;\">\n<p><img loading=\"lazy\" decoding=\"async\" class=\"alignnone size-full wp-image-944\" src=\"\/site\/wp-content\/uploads\/2017\/03\/custom-icon-6.png\" alt=\"\" width=\"40\" height=\"41\" \/><\/p>\n<p style=\"color: #000; margin-bottom: 0px; line-height: 10px;\">Miami<\/p>\n<p><a href=\"tel:+13054564952\">305.456.4952<\/a><\/p>\n<\/div>\n<div class=\"col-md-2 bottom-offices\" style=\"text-align: -webkit-center;\">\n<p><img loading=\"lazy\" decoding=\"async\" class=\"alignnone size-full wp-image-943\" src=\"\/site\/wp-content\/uploads\/2017\/03\/custom-icon-6.png\" alt=\"\" width=\"40\" height=\"41\" \/><\/p>\n<p style=\"color: #000; margin-bottom: 0px; line-height: 10px;\">Colombia (Bogot\u00e1)<\/p>\n<p><a href=\"tel:+5717437090\">+571.743.7090<\/a><\/p>\n<\/div>\n<\/div>\n<\/div>\n<p>[\/vc_column_text][\/vc_column][\/vc_row]<\/p>\n<\/div>","protected":false},"excerpt":{"rendered":"<p>[vc_row][vc_column][rev_slider_vc alias=&#8221;mainslider&#8221;][\/vc_column][\/vc_row][vc_row][vc_column][vc_column_text] RASTREE SUS PAQUETES! 1Cree su casillero internacional gratis con nosotros 2Realize sus compras donde prefiera 3\u00a1Hecho! reciba en su casa u oficina sus paquetes 4Reporte sus Consolidaciones Con este Casillero tendra una direcci\u00f3n fisica en USA para hacer llegar sus paquetes Amazon, Newegg, Macy\u00b4s etc. y Shipping address coloque la direcci\u00f3n de su [&hellip;]<\/p>\n","protected":false},"author":1,"featured_media":0,"parent":0,"menu_order":0,"comment_status":"closed","ping_status":"closed","template":"","meta":{"footnotes":""},"class_list":["post-143","page","type-page","status-publish","hentry"],"_links":{"self":[{"href":"https:\/\/cargozoneusa.com\/site\/wp-json\/wp\/v2\/pages\/143","targetHints":{"allow":["GET"]}}],"collection":[{"href":"https:\/\/cargozoneusa.com\/site\/wp-json\/wp\/v2\/pages"}],"about":[{"href":"https:\/\/cargozoneusa.com\/site\/wp-json\/wp\/v2\/types\/page"}],"author":[{"embeddable":true,"href":"https:\/\/cargozoneusa.com\/site\/wp-json\/wp\/v2\/users\/1"}],"replies":[{"embeddable":true,"href":"https:\/\/cargozoneusa.com\/site\/wp-json\/wp\/v2\/comments?post=143"}],"version-history":[{"count":53,"href":"https:\/\/cargozoneusa.com\/site\/wp-json\/wp\/v2\/pages\/143\/revisions"}],"predecessor-version":[{"id":4519,"href":"https:\/\/cargozoneusa.com\/site\/wp-json\/wp\/v2\/pages\/143\/revisions\/4519"}],"wp:attachment":[{"href":"https:\/\/cargozoneusa.com\/site\/wp-json\/wp\/v2\/media?parent=143"}],"curies":[{"name":"wp","href":"https:\/\/api.w.org\/{rel}","templated":true}]}}