
{"id":1018,"date":"2017-10-23T13:48:52","date_gmt":"2017-10-23T19:48:52","guid":{"rendered":"http:\/\/cargozone.remtestsite.com\/?page_id=1018"},"modified":"2024-05-31T17:42:40","modified_gmt":"2024-05-31T21:42:40","slug":"casilleroint","status":"publish","type":"page","link":"https:\/\/cargozoneusa.com\/site\/casilleroint\/","title":{"rendered":"Casillero Internacional"},"content":{"rendered":"<div class=\"wpb-content-wrapper\"><p>[vc_row][vc_column css=&#8221;.vc_custom_1520440623149{padding-right: 0px !important;padding-left: 0px !important;}&#8221;][vc_single_image source=&#8221;external_link&#8221; custom_src=&#8221;https:\/\/cargozoneusa.com\/site\/wp-content\/uploads\/2017\/10\/BANNER-LANDING-2-1.jpg&#8221;][\/vc_column][\/vc_row][vc_row][vc_column width=&#8221;1\/2&#8243;][vc_column_text]<\/p>\n<div class=\"container\">\n<h1 style=\"text-align: justify; color: #144992; font-size: 43px; font-weight: bold;\">\u00bfQue es un casillero internacional?<\/h1>\n<p style=\"color: #000; font-size: larger; text-align: justify;\">Un Casillero postal es en pocas palabras una direcci\u00f3n f\u00edsica en Estados Unidos, a la cual podemos hacer llegar nuestros paquetes. y, que estos una vez alli sean enviados a Colombia a nuestra casa, oficina \u00f3 bien recogidos en las oficinas de Cargo Zone en Bogot\u00e1.<\/p>\n<p style=\"color: #000; font-size: larger; text-align: justify;\">La gran mayoria de almacenes en linea y\/o f\u00edsicos no despachan fuera de Estados Unidos. Asi esto, necesitamos contar con un casillero para comprar sin problemas desde Colombia.<\/p>\n<\/div>\n<h1 style=\"text-align: justify; color: #144992; font-size: 43px; font-weight: bold;\">\u00bfComo saben cuales son mis paquetes y a donde enviarlos en Colombia?<\/h1>\n<p style=\"color: #000; font-size: larger; text-align: justify;\">Al momento de crear el casillero, se te asigna un n\u00famero, el n\u00famero de casillero (Ej. CZ0001) es un n\u00famero de identificaci\u00f3n UNICO para cada cliente, podriamos compararlo con el n\u00famero de la c\u00e9dula, no hay dos personas con el mismo n\u00famero.<\/p>\n<p style=\"color: #000; font-size: larger; text-align: justify;\">Cuando realizas una compra y en las direcci\u00f3n de envio (Shipping Address) pones tu n\u00famero de casillero como parte de la direcci\u00f3n, cuando recibimos ese paquete sabemos exactamente a quien pertenece y su respectiva direcci\u00f3n de env\u00edo en Colombia.<\/p>\n<p>[\/vc_column_text][\/vc_column][vc_column width=&#8221;1\/2&#8243;][vc_column_text css=&#8221;.vc_custom_1563898959993{border-radius: 5px !important;}&#8221;]<\/p>\n<div class=\"container\"><iframe loading=\"lazy\" id=\"iframe-casillero-login\" class=\"iframe-casillero\" src=\"https:\/\/cargozone.misiil.com\/lockers\/#\/open-pobox\/20\" width=\"300\" height=\"150\" frameborder=\"0\"><\/iframe><\/div>\n<p>[\/vc_column_text][\/vc_column][\/vc_row][vc_row][vc_column][vc_column_text]<\/p>\n<h1 style=\"text-align: justify; color: #144992; font-size: 43px; font-weight: bold;\">\u00bfComo debo poner la direcci\u00f3n al momento de realizar una compra?<\/h1>\n<p style=\"color: #000; font-size: larger; text-align: justify;\">Simplemente cuando realice una compra en internet o a cualquier proveedor que tenga en los Estados Unidos asegurese enviar sus productos a la siguiente direcci\u00f3n junto con su nombre y numero de casillero:<\/p>\n<p style=\"color: #000; text-align: justify; font-size: large;\"><strong>PEDRO PEREZ<\/strong> (Ac\u00e1 va su nombre)<br \/>\n<strong>3399 NW 72 Ave<\/strong><br \/>\n<strong>Suite 110<\/strong><br \/>\n<strong>CZ123<\/strong> (este es su n\u00famero de casillero)<br \/>\n<strong>Miami, FL. 33122<\/strong><\/p>\n<p style=\"color: #000; text-align: justify; font-size: large;\"><strong>Importante:<\/strong> La direcci\u00f3n para el uso del casillero es \u00fanicamente la de nuestro local en el Doral (Misma direcci\u00f3n que est\u00e1 arriba de este p\u00e1rrafo). En ninguno de nuestros otros puntos se recibe carga direccionada a Casilleros. Por favor tenga esto presente al momento de diligenciar en sus compras la direcci\u00f3n de entrega (Shipping Address).<\/p>\n<p style=\"color: #000; text-align: justify; font-size: large;\"><strong>\u00bfComo pago el envio y los impuestos desde miami?<\/strong>Si usted vive en Bogota al momento de la entrega o si vive en otra ciudad del pais lo llamaremos telefonicamente para los arreglos de pago.<\/p>\n<p style=\"color: #000; text-align: justify; font-size: large;\"><strong>\u00bfExiste o se cuenta con alg\u00fan seguro para mis paquetes?<\/strong> S\u00ed, es obligatorio, y su valor corresponde al cinco (05) por ciento del valor declarado de la mercanc\u00eda (Siendo el m\u00ednimo valor a asegurar 100 USD y el valor m\u00e1ximo a asegurar 1.000 USD). Usted deber\u00e1 activarlo desde su perfil (Ver Instructivo), antes de que su paquete sea despachado realizando el cambio. El Seguro cubre \u00fanicamente p\u00e9rdida total, no tiene cobertura para da\u00f1os f\u00edsicos ni parciales.<\/p>\n<p>&nbsp;<\/p>\n<div class=\"container\">\n<div class=\"row\">\n<p><!--\n\n\n<div class=\"col-xs-12 col-md-3\"><a class=\"vc_btn3 vc_btn3-shape-rounded btn btn-lg btn-primary\" style=\"background-color: #ffd700; border-color: #FFFFFF #ffffff #ffffff;\" title=\"\" href=\"#\">Crear Casillero<\/a><\/div>\n\n\n\n\n<div class=\"col-xs-12 col-md-3\"><a class=\"vc_btn3 vc_btn3-shape-rounded btn btn-lg btn-primary\" style=\"background-color: #ffd700; border-color: #FFFFFF #ffffff #ffffff;\" title=\"\" href=\"#\">Tarifas del servicio <\/a><\/div>\n\n\n\n\n<div class=\"col-xs-12 col-md-3\"><a class=\"vc_btn3 vc_btn3-shape-rounded btn btn-lg btn-primary\" style=\"background-color: #ffd700; border-color: #FFFFFF #ffffff #ffffff;\" title=\"\" href=\"#\">Calcule costos?<\/a><\/div>\n\n\n--><\/p>\n<div class=\"col-xs-12 col-md-3\" style=\"width: 100%;\"><a class=\"vc_btn3 vc_btn3-shape-rounded btn btn-lg btn-primary\" style=\"background-color: #144c92; border-color: #FFFFFF #ffffff #ffffff; width: 100%;\" title=\"\" href=\"http:\/\/cargozoneusa.com\/docs\/Contrato_Prestacion_Servicios_Postales_Cargo_Zone.pdf\" target=\"_blank\" rel=\"noopener noreferrer\">Consulte Nuestro Contrato de Prestaci\u00f3n de Servicios Postales<\/a><\/div>\n<\/div>\n<p>&nbsp;<\/p>\n<p style=\"color: #000; text-align: justify; font-size: large;\">Para mayor informacion escribanos a <a style=\"color: #154a92;\" href=\"mailto:casilleros@cargozoneusa.com\">casilleros@cargozoneusa.com<\/a><\/p>\n<\/div>\n<p>[\/vc_column_text][\/vc_column][\/vc_row]<\/p>\n<\/div>","protected":false},"excerpt":{"rendered":"<p>[vc_row][vc_column css=&#8221;.vc_custom_1520440623149{padding-right: 0px !important;padding-left: 0px !important;}&#8221;][vc_single_image source=&#8221;external_link&#8221; custom_src=&#8221;https:\/\/cargozoneusa.com\/site\/wp-content\/uploads\/2017\/10\/BANNER-LANDING-2-1.jpg&#8221;][\/vc_column][\/vc_row][vc_row][vc_column width=&#8221;1\/2&#8243;][vc_column_text] \u00bfQue es un casillero internacional? Un Casillero postal es en pocas palabras una direcci\u00f3n f\u00edsica en Estados Unidos, a la cual podemos hacer llegar nuestros paquetes. y, que estos una vez alli sean enviados a Colombia a nuestra casa, oficina \u00f3 bien recogidos en las oficinas [&hellip;]<\/p>\n","protected":false},"author":1,"featured_media":0,"parent":0,"menu_order":0,"comment_status":"closed","ping_status":"closed","template":"","meta":{"footnotes":""},"class_list":["post-1018","page","type-page","status-publish","hentry"],"_links":{"self":[{"href":"https:\/\/cargozoneusa.com\/site\/wp-json\/wp\/v2\/pages\/1018","targetHints":{"allow":["GET"]}}],"collection":[{"href":"https:\/\/cargozoneusa.com\/site\/wp-json\/wp\/v2\/pages"}],"about":[{"href":"https:\/\/cargozoneusa.com\/site\/wp-json\/wp\/v2\/types\/page"}],"author":[{"embeddable":true,"href":"https:\/\/cargozoneusa.com\/site\/wp-json\/wp\/v2\/users\/1"}],"replies":[{"embeddable":true,"href":"https:\/\/cargozoneusa.com\/site\/wp-json\/wp\/v2\/comments?post=1018"}],"version-history":[{"count":33,"href":"https:\/\/cargozoneusa.com\/site\/wp-json\/wp\/v2\/pages\/1018\/revisions"}],"predecessor-version":[{"id":5186,"href":"https:\/\/cargozoneusa.com\/site\/wp-json\/wp\/v2\/pages\/1018\/revisions\/5186"}],"wp:attachment":[{"href":"https:\/\/cargozoneusa.com\/site\/wp-json\/wp\/v2\/media?parent=1018"}],"curies":[{"name":"wp","href":"https:\/\/api.w.org\/{rel}","templated":true}]}}